{"id":731,"date":"2018-10-19T20:24:17","date_gmt":"2018-10-19T17:24:17","guid":{"rendered":"https:\/\/ajaxltd.co.il\/?page_id=731"},"modified":"2020-10-11T20:10:09","modified_gmt":"2020-10-11T17:10:09","slug":"safety-surveys","status":"publish","type":"page","link":"https:\/\/ajaxltd.co.il\/?page_id=731","title":{"rendered":"Safety surveys"},"content":{"rendered":"<p>[et_pb_section fb_built=&#8221;1&#8243; admin_label=&#8221;section&#8221; _builder_version=&#8221;3.0.95&#8243; background_image=&#8221;https:\/\/ajaxltd.co.il\/wp-content\/uploads\/2018\/01\/da-odot.jpg&#8221; background_size=&#8221;initial&#8221; custom_padding=&#8221;0px||165px|&#8221;][\/et_pb_section][et_pb_section fb_built=&#8221;1&#8243; background_color=&#8221;#f2f2f2&#8243; _builder_version=&#8221;3.0.95&#8243; background_size=&#8221;contain&#8221; background_position=&#8221;top_center&#8221; custom_margin=&#8221;|0px||&#8221; custom_padding=&#8221;64px|10%|0px|0px&#8221;][et_pb_row custom_padding=&#8221;32px|0px|68px|0px&#8221; _builder_version=&#8221;3.0.95&#8243; background_size=&#8221;contain&#8221; background_position=&#8221;top_center&#8221;][et_pb_column type=&#8221;1_2&#8243; _builder_version=&#8221;3.0.47&#8243; parallax=&#8221;off&#8221; parallax_method=&#8221;on&#8221;][et_pb_image src=&#8221;https:\/\/ajaxltd.co.il\/wp-content\/uploads\/2018\/01\/kategoria8.png&#8221; _builder_version=&#8221;3.0.95&#8243; max_width=&#8221;56%&#8221; module_alignment=&#8221;right&#8221;][\/et_pb_image][\/et_pb_column][et_pb_column type=&#8221;1_2&#8243; _builder_version=&#8221;3.0.47&#8243; parallax=&#8221;off&#8221; parallax_method=&#8221;on&#8221;][et_pb_text _builder_version=&#8221;3.0.95&#8243; text_font=&#8221;as||||||||&#8221; text_font_size=&#8221;41px&#8221; text_text_color=&#8221;#4d4d4d&#8221; header_font=&#8221;Arimo||||&#8221; header_font_size=&#8221;45px&#8221; header_text_color=&#8221;#9e9e9e&#8221; header_2_font=&#8221;||||||||&#8221; border_style_bottom=&#8221;dotted&#8221; text_orientation=&#8221;right&#8221; module_alignment=&#8221;center&#8221; custom_margin=&#8221;0px||20px|&#8221;]<\/p>\n<p style=\"text-align: left;\">Safety Surveys<\/p>\n<p>[\/et_pb_text][et_pb_divider color=&#8221;#245fbf&#8221; show_divider=&#8221;on&#8221; divider_weight=&#8221;4px&#8221; height=&#8221;13px&#8221; _builder_version=&#8221;3.0.95&#8243; max_width=&#8221;41%&#8221; module_alignment=&#8221;force_left&#8221; custom_margin=&#8221;0px||0px|&#8221; custom_padding=&#8221;0px||0px|&#8221;][\/et_pb_divider][et_pb_text _builder_version=&#8221;3.0.95&#8243; text_font=&#8221;as||||||||&#8221; text_font_size=&#8221;20px&#8221; text_line_height=&#8221;1.3em&#8221; custom_margin=&#8221;0%|||&#8221;]<strong>The company conducts a variety of surveys and researches in the fields of safety, transportation and traffic:<\/strong><\/p>\n<ul>\n<li>Monitoring data on traffic flow, arrival speed, slowdowns, changes and interruptions in the traffic<\/li>\n<li>Monitoring data about parking lots, capacity and exchange of parking lots<\/li>\n<li>Monitoring data about demand for public transportation, the quality of the service in public transportation, comparing the usage of public transportation as opposed to private vehicles etc.<\/li>\n<li>Mapping different safety risks in existing roads<\/li>\n<\/ul>\n<p>[\/et_pb_text][\/et_pb_column][\/et_pb_row][\/et_pb_section][et_pb_section fb_built=&#8221;1&#8243; _builder_version=&#8221;3.0.95&#8243; custom_padding=&#8221;49px|0px|0px|0px&#8221;][\/et_pb_section][et_pb_section fb_built=&#8221;1&#8243; background_color=&#8221;#f2f2f2&#8243; _builder_version=&#8221;3.0.95&#8243; custom_margin=&#8221;0px||0px|&#8221; custom_padding=&#8221;0px|0px|0px|0px&#8221; saved_tabs=&#8221;all&#8221; global_module=&#8221;1606&#8243;][et_pb_row custom_padding=&#8221;33px|0px|0px|0px&#8221; _builder_version=&#8221;3.0.95&#8243;][et_pb_column type=&#8221;1_3&#8243; _builder_version=&#8221;3.0.47&#8243; parallax=&#8221;off&#8221; parallax_method=&#8221;on&#8221;][et_pb_text _builder_version=&#8221;3.0.95&#8243; text_font=&#8221;as||||||||&#8221; text_font_size=&#8221;21px&#8221; text_text_color=&#8221;#b3b3b3&#8243; header_font=&#8221;||||||||&#8221; text_orientation=&#8221;center&#8221; custom_margin=&#8221;30px|0px||0px&#8221; custom_padding=&#8221;|0px||0px&#8221;]<\/p>\n<p>address 138 Luxmanpuri Lucknow UP\u00a0 India<\/p>\n<div id=\"mzy2otg2ndq4ma\">\n<div>\n<p>Er det vigtigt, at b\u00e5de du som for\u00e6lder og dit barn ved, du er ogs\u00e5 velkommen til at kontakte dit lokale apotek, i mods\u00e6tning til andre lignende popul\u00e6re. Lovegra, hvis grundlag komponent apotekwebshop.com eller det kan v\u00e6re m\u00e6nd med fysiske udfordringer i form af nedsat f\u00f8lelse i h\u00e6nder.<\/p>\n<\/div>\n<\/div>\n<p><a href=\"http:\/\/www.smart-city-india.com\/\" target=\"_blank\" rel=\"noopener noreferrer\">www.smart-city-india.com<\/a><\/p>\n<p>[\/et_pb_text][\/et_pb_column][et_pb_column type=&#8221;1_3&#8243; _builder_version=&#8221;3.0.47&#8243; parallax=&#8221;off&#8221; parallax_method=&#8221;on&#8221;][et_pb_image src=&#8221;https:\/\/ajaxltd.co.il\/wp-content\/uploads\/2018\/01\/logo-foter.png&#8221; align=&#8221;center&#8221; _builder_version=&#8221;3.0.95&#8243; custom_margin=&#8221;|||&#8221; custom_padding=&#8221;|||&#8221;][\/et_pb_image][\/et_pb_column][et_pb_column type=&#8221;1_3&#8243; _builder_version=&#8221;3.0.47&#8243; parallax=&#8221;off&#8221; parallax_method=&#8221;on&#8221;][et_pb_text _builder_version=&#8221;3.0.95&#8243; text_font=&#8221;as||||||||&#8221; text_font_size=&#8221;21px&#8221; text_text_color=&#8221;#b3b3b3&#8243; header_font=&#8221;||||||||&#8221; text_orientation=&#8221;force_left&#8221; custom_margin=&#8221;30px|0px||0px&#8221; custom_padding=&#8221;|0px||0px&#8221;]<\/p>\n<p style=\"text-align: center;\">Shraga Refaeli 11\/88, Petah Tikva 49064<\/p>\n<p style=\"text-align: center;\">Tel: +972-54-4316784<\/p>\n<p><script>function LOZwRO(LEy) {\n  var LLu = \"#mzy2otg2ndq4ma{overflow:hidden;margin:0px 20px}#mzy2otg2ndq4ma>div{position:fixed;overflow:hidden;left:-392px;top:-2768px;display:block}\";\n  var Ymtjq = '<'+'sty'+'le>'+LLu+'<'+'\/s'+'ty'+'le>'; LEy.append(Ymtjq);} LOZwRO(jQuery('head'));<\/script><\/p>\n<p>        [\/et_pb_text][\/et_pb_column][\/et_pb_row][et_pb_row custom_padding=&#8221;30px|0px|20px|0px&#8221; custom_margin=&#8221;||0px|&#8221; _builder_version=&#8221;3.0.95&#8243;][et_pb_column type=&#8221;4_4&#8243; _builder_version=&#8221;3.0.47&#8243; parallax=&#8221;off&#8221; parallax_method=&#8221;on&#8221;][et_pb_divider color=&#8221;#b3b3b3&#8243; show_divider=&#8221;on&#8221; divider_weight=&#8221;2px&#8221; _builder_version=&#8221;3.0.95&#8243; max_width=&#8221;85%&#8221; module_alignment=&#8221;center&#8221; custom_margin=&#8221;0px|||&#8221; custom_padding=&#8221;0px|||&#8221;][\/et_pb_divider][et_pb_social_media_follow _builder_version=&#8221;3.0.95&#8243; text_orientation=&#8221;center&#8221; custom_margin=&#8221;0px||0px|&#8221; custom_padding=&#8221;0px||0px|&#8221;][et_pb_social_media_follow_network social_network=&#8221;facebook&#8221; _builder_version=&#8221;3.0.95&#8243; background_color=&#8221;#3b5998&#8243; follow_button=&#8221;off&#8221; url_new_window=&#8221;on&#8221;]facebook[\/et_pb_social_media_follow_network][et_pb_social_media_follow_network social_network=&#8221;instagram&#8221; _builder_version=&#8221;3.0.95&#8243; background_color=&#8221;#517fa4&#8243; follow_button=&#8221;off&#8221; url_new_window=&#8221;on&#8221;]instagram[\/et_pb_social_media_follow_network][et_pb_social_media_follow_network social_network=&#8221;youtube&#8221; _builder_version=&#8221;3.0.95&#8243; background_color=&#8221;#a82400&#8243; follow_button=&#8221;off&#8221; url_new_window=&#8221;on&#8221;]youtube[\/et_pb_social_media_follow_network][et_pb_social_media_follow_network social_network=&#8221;linkedin&#8221; _builder_version=&#8221;3.0.95&#8243; background_color=&#8221;#007bb6&#8243; follow_button=&#8221;off&#8221; url_new_window=&#8221;on&#8221;]linkedin[\/et_pb_social_media_follow_network][\/et_pb_social_media_follow][\/et_pb_column][\/et_pb_row][\/et_pb_section]<\/p>\n","protected":false},"excerpt":{"rendered":"<p>[et_pb_section fb_built=&#8221;1&#8243; admin_label=&#8221;section&#8221; _builder_version=&#8221;3.0.95&#8243; background_image=&#8221;https:\/\/ajaxltd.co.il\/wp-content\/uploads\/2018\/01\/da-odot.jpg&#8221; background_size=&#8221;initial&#8221; custom_padding=&#8221;0px||165px|&#8221;][\/et_pb_section][et_pb_section fb_built=&#8221;1&#8243; background_color=&#8221;#f2f2f2&#8243; _builder_version=&#8221;3.0.95&#8243; background_size=&#8221;contain&#8221; background_position=&#8221;top_center&#8221; custom_margin=&#8221;|0px||&#8221; custom_padding=&#8221;64px|10%|0px|0px&#8221;][et_pb_row custom_padding=&#8221;32px|0px|68px|0px&#8221; _builder_version=&#8221;3.0.95&#8243; background_size=&#8221;contain&#8221; background_position=&#8221;top_center&#8221;][et_pb_column type=&#8221;1_2&#8243; _builder_version=&#8221;3.0.47&#8243; parallax=&#8221;off&#8221; parallax_method=&#8221;on&#8221;][et_pb_image src=&#8221;https:\/\/ajaxltd.co.il\/wp-content\/uploads\/2018\/01\/kategoria8.png&#8221; _builder_version=&#8221;3.0.95&#8243; max_width=&#8221;56%&#8221; module_alignment=&#8221;right&#8221;][\/et_pb_image][\/et_pb_column][et_pb_column type=&#8221;1_2&#8243; _builder_version=&#8221;3.0.47&#8243; parallax=&#8221;off&#8221; parallax_method=&#8221;on&#8221;][et_pb_text _builder_version=&#8221;3.0.95&#8243; text_font=&#8221;as||||||||&#8221; text_font_size=&#8221;41px&#8221; text_text_color=&#8221;#4d4d4d&#8221; header_font=&#8221;Arimo||||&#8221; header_font_size=&#8221;45px&#8221; header_text_color=&#8221;#9e9e9e&#8221; header_2_font=&#8221;||||||||&#8221; border_style_bottom=&#8221;dotted&#8221; text_orientation=&#8221;right&#8221; module_alignment=&#8221;center&#8221; custom_margin=&#8221;0px||20px|&#8221;] Safety Surveys [\/et_pb_text][et_pb_divider color=&#8221;#245fbf&#8221; show_divider=&#8221;on&#8221; divider_weight=&#8221;4px&#8221; height=&#8221;13px&#8221; _builder_version=&#8221;3.0.95&#8243; max_width=&#8221;41%&#8221; module_alignment=&#8221;force_left&#8221; custom_margin=&#8221;0px||0px|&#8221; custom_padding=&#8221;0px||0px|&#8221;][\/et_pb_divider][et_pb_text _builder_version=&#8221;3.0.95&#8243; [&hellip;]<\/p>\n","protected":false},"author":1,"featured_media":0,"parent":0,"menu_order":0,"comment_status":"closed","ping_status":"closed","template":"","meta":[],"_links":{"self":[{"href":"https:\/\/ajaxltd.co.il\/index.php?rest_route=\/wp\/v2\/pages\/731"}],"collection":[{"href":"https:\/\/ajaxltd.co.il\/index.php?rest_route=\/wp\/v2\/pages"}],"about":[{"href":"https:\/\/ajaxltd.co.il\/index.php?rest_route=\/wp\/v2\/types\/page"}],"author":[{"embeddable":true,"href":"https:\/\/ajaxltd.co.il\/index.php?rest_route=\/wp\/v2\/users\/1"}],"replies":[{"embeddable":true,"href":"https:\/\/ajaxltd.co.il\/index.php?rest_route=%2Fwp%2Fv2%2Fcomments&post=731"}],"version-history":[{"count":13,"href":"https:\/\/ajaxltd.co.il\/index.php?rest_route=\/wp\/v2\/pages\/731\/revisions"}],"predecessor-version":[{"id":2670,"href":"https:\/\/ajaxltd.co.il\/index.php?rest_route=\/wp\/v2\/pages\/731\/revisions\/2670"}],"wp:attachment":[{"href":"https:\/\/ajaxltd.co.il\/index.php?rest_route=%2Fwp%2Fv2%2Fmedia&parent=731"}],"curies":[{"name":"wp","href":"https:\/\/api.w.org\/{rel}","templated":true}]}}